{"id":800,"date":"2025-12-15T14:48:48","date_gmt":"2025-12-15T13:48:48","guid":{"rendered":"https:\/\/elastic-shannon.217-170-194-30.plesk.page\/?page_id=800"},"modified":"2026-01-20T13:09:01","modified_gmt":"2026-01-20T12:09:01","slug":"om-oss","status":"publish","type":"page","link":"https:\/\/campmefjord.no\/en\/om-oss\/","title":{"rendered":"About us"},"content":{"rendered":"<div data-elementor-type=\"wp-page\" data-elementor-id=\"800\" class=\"elementor elementor-800\" data-elementor-post-type=\"page\">\n\t\t\t\t<div class=\"elementor-element elementor-element-6262024 e-flex e-con-boxed e-con e-parent\" data-id=\"6262024\" data-element_type=\"container\" data-settings=\"{&quot;background_background&quot;:&quot;classic&quot;}\">\n\t\t\t\t\t<div class=\"e-con-inner\">\n\t\t<div class=\"elementor-element elementor-element-62fe42d3 e-con-full e-flex e-con e-child\" data-id=\"62fe42d3\" data-element_type=\"container\">\n\t\t\t\t<div class=\"elementor-element elementor-element-3fc6ba9 elementor-widget elementor-widget-global elementor-global-721 elementor-widget-heading\" data-id=\"3fc6ba9\" data-element_type=\"widget\" data-widget_type=\"heading.default\">\n\t\t\t\t\t<h4 class=\"elementor-heading-title elementor-size-default\">Camp Mefjord<\/h4>\t\t\t\t<\/div>\n\t\t<div class=\"elementor-element elementor-element-52dbde3 e-con-full e-flex e-con e-child\" data-id=\"52dbde3\" data-element_type=\"container\">\n\t\t\t\t<div class=\"elementor-element elementor-element-9fa96bf elementor-align-justify elementor-widget__width-initial elementor-widget elementor-widget-global elementor-global-634 elementor-widget-button\" data-id=\"9fa96bf\" data-element_type=\"widget\" data-widget_type=\"button.default\">\n\t\t\t\t\t\t\t\t\t\t<a class=\"elementor-button elementor-button-link elementor-size-sm\" href=\"https:\/\/www.easynetbooking.com\/o\/ob.php?uhr=u3pamb\" target=\"_blank\">\n\t\t\t\t\t\t<span class=\"elementor-button-content-wrapper\">\n\t\t\t\t\t\t\t\t\t<span class=\"elementor-button-text\">Booking<\/span>\n\t\t\t\t\t<\/span>\n\t\t\t\t\t<\/a>\n\t\t\t\t\t\t\t\t<\/div>\n\t\t\t\t<\/div>\n\t\t\t\t<\/div>\n\t\t\t\t\t<\/div>\n\t\t\t\t<\/div>\n\t\t<div class=\"elementor-element elementor-element-5e2c04ba e-flex e-con-boxed e-con e-parent\" data-id=\"5e2c04ba\" data-element_type=\"container\">\n\t\t\t\t\t<div class=\"e-con-inner\">\n\t\t<div class=\"elementor-element elementor-element-6469081e e-flex e-con-boxed e-con e-child\" data-id=\"6469081e\" data-element_type=\"container\">\n\t\t\t\t\t<div class=\"e-con-inner\">\n\t\t<div class=\"elementor-element elementor-element-6e316c57 e-con-full e-flex e-con e-child\" data-id=\"6e316c57\" data-element_type=\"container\">\n\t\t\t\t<div class=\"elementor-element elementor-element-4f8c62dc elementor-widget elementor-widget-heading\" data-id=\"4f8c62dc\" data-element_type=\"widget\" data-widget_type=\"heading.default\">\n\t\t\t\t\t<h4 class=\"elementor-heading-title elementor-size-default\">About Camp Mefjord<\/h4>\t\t\t\t<\/div>\n\t\t\t\t<div class=\"elementor-element elementor-element-e7825bd elementor-widget elementor-widget-heading\" data-id=\"e7825bd\" data-element_type=\"widget\" data-widget_type=\"heading.default\">\n\t\t\t\t\t<h2 class=\"elementor-heading-title elementor-size-default\">With us you get to experience the best of Senja<\/h2>\t\t\t\t<\/div>\n\t\t\t\t<div class=\"elementor-element elementor-element-49271ba1 elementor-widget elementor-widget-text-editor\" data-id=\"49271ba1\" data-element_type=\"widget\" data-widget_type=\"text-editor.default\">\n\t\t\t\t\t\t\t\t\t<p><strong>Camp Mefjord is located by the sea, between mountains and fjords in Mefjordv\u00e6r on Senja in Norway. Camp 1 and 2 are located close to each other, so we can flexibly organize your stay between both sites during seasons with changing weather.<\/strong><\/p><p><a href=\"\/en\/camp-1\/\"><strong>Camp 1<\/strong> <\/a>has 8 pitches for caravans and motorhomes, and 3 pitches for tents. There's an outdoor kitchen with water and cooking facilities, and a laundry with 2 washing machines and 1 tumble dryer. We have our own barbecue hut, as well as benches\/sitting areas for each parking space. We offer bike rental and rental of both sauna and kayaks.<\/p><p><a href=\"\/en\/camp-2\/\"><strong>Camp 2<\/strong><\/a> is under construction and currently has 5 places. Here you'll find an activity\/exercise room, laundry with washing machines and dryers, and a large kitchen with everything you need for cooking. We have a large communal lounge in the building. In the near future, we can also offer a large sauna.<\/p>\t\t\t\t\t\t\t\t<\/div>\n\t\t<div class=\"elementor-element elementor-element-74ae7de e-con-full e-flex e-con e-child\" data-id=\"74ae7de\" data-element_type=\"container\">\n\t\t\t\t<div class=\"elementor-element elementor-element-69b4891 elementor-mobile-align-justify elementor-align-justify elementor-widget__width-initial elementor-widget elementor-widget-button\" data-id=\"69b4891\" data-element_type=\"widget\" data-widget_type=\"button.default\">\n\t\t\t\t\t\t\t\t\t\t<a class=\"elementor-button elementor-button-link elementor-size-sm\" href=\"#elementor-action%3Aaction%3Dlightbox%26settings%3DeyJ1cmwiOiJodHRwczpcL1wvY2FtcG1lZmpvcmQubm9cL3dwLWNvbnRlbnRcL3VwbG9hZHNcLzIwMjVcLzEyXC8yMDIzMDgyM18yMTMyMTQuanBnLmpwZyIsInR5cGUiOiJpbWFnZSJ9\">\n\t\t\t\t\t\t<span class=\"elementor-button-content-wrapper\">\n\t\t\t\t\t\t\t\t\t<span class=\"elementor-button-text\">See tourist map<\/span>\n\t\t\t\t\t<\/span>\n\t\t\t\t\t<\/a>\n\t\t\t\t\t\t\t\t<\/div>\n\t\t\t\t<div class=\"elementor-element elementor-element-05446c1 elementor-mobile-align-justify elementor-align-justify elementor-widget__width-initial elementor-widget elementor-widget-global elementor-global-724 elementor-widget-button\" data-id=\"05446c1\" data-element_type=\"widget\" data-widget_type=\"button.default\">\n\t\t\t\t\t\t\t\t\t\t<a class=\"elementor-button elementor-button-link elementor-size-sm\" href=\"https:\/\/www.easynetbooking.com\/o\/ob.php?uhr=u3pamb\" target=\"_blank\">\n\t\t\t\t\t\t<span class=\"elementor-button-content-wrapper\">\n\t\t\t\t\t\t\t\t\t<span class=\"elementor-button-text\">Booking<\/span>\n\t\t\t\t\t<\/span>\n\t\t\t\t\t<\/a>\n\t\t\t\t\t\t\t\t<\/div>\n\t\t\t\t<\/div>\n\t\t\t\t<\/div>\n\t\t<div class=\"elementor-element elementor-element-643111f e-con-full e-flex e-con e-child\" data-id=\"643111f\" data-element_type=\"container\">\n\t\t\t\t<div class=\"elementor-element elementor-element-1812bc5 elementor-widget elementor-widget-image\" data-id=\"1812bc5\" data-element_type=\"widget\" data-widget_type=\"image.default\">\n\t\t\t\t\t\t\t\t\t\t\t\t\t\t\t<img fetchpriority=\"high\" decoding=\"async\" width=\"1920\" height=\"1440\" src=\"https:\/\/campmefjord.no\/wp-content\/uploads\/2025\/12\/20250705_114401.jpg\" class=\"attachment-full size-full wp-image-740\" alt=\"Grillhytte og teltplass p\u00e5 Camp 1 p\u00e5 Mefjordv\u00e6r p\u00e5 Senja\" srcset=\"https:\/\/campmefjord.no\/wp-content\/uploads\/2025\/12\/20250705_114401.jpg 1920w, https:\/\/campmefjord.no\/wp-content\/uploads\/2025\/12\/20250705_114401-300x225.jpg 300w, https:\/\/campmefjord.no\/wp-content\/uploads\/2025\/12\/20250705_114401-1024x768.jpg 1024w, https:\/\/campmefjord.no\/wp-content\/uploads\/2025\/12\/20250705_114401-768x576.jpg 768w, https:\/\/campmefjord.no\/wp-content\/uploads\/2025\/12\/20250705_114401-1536x1152.jpg 1536w\" sizes=\"(max-width: 1920px) 100vw, 1920px\" \/>\t\t\t\t\t\t\t\t\t\t\t\t\t\t\t<\/div>\n\t\t\t\t<div class=\"elementor-element elementor-element-a5e30e0 elementor-widget__width-initial elementor-widget elementor-widget-image\" data-id=\"a5e30e0\" data-element_type=\"widget\" data-widget_type=\"image.default\">\n\t\t\t\t\t\t\t\t\t\t\t\t\t\t\t<img decoding=\"async\" width=\"1440\" height=\"1920\" src=\"https:\/\/campmefjord.no\/wp-content\/uploads\/2025\/12\/20251117_111306.jpg\" class=\"attachment-full size-full wp-image-778\" alt=\"Utend\u00f8rs p\u00e5 Camp 2, p\u00e5 vinterstid\" srcset=\"https:\/\/campmefjord.no\/wp-content\/uploads\/2025\/12\/20251117_111306.jpg 1440w, https:\/\/campmefjord.no\/wp-content\/uploads\/2025\/12\/20251117_111306-225x300.jpg 225w, https:\/\/campmefjord.no\/wp-content\/uploads\/2025\/12\/20251117_111306-768x1024.jpg 768w, https:\/\/campmefjord.no\/wp-content\/uploads\/2025\/12\/20251117_111306-1152x1536.jpg 1152w\" sizes=\"(max-width: 1440px) 100vw, 1440px\" \/>\t\t\t\t\t\t\t\t\t\t\t\t\t\t\t<\/div>\n\t\t\t\t<\/div>\n\t\t\t\t\t<\/div>\n\t\t\t\t<\/div>\n\t\t\t\t\t<\/div>\n\t\t\t\t<\/div>\n\t\t<div class=\"elementor-element elementor-element-8621f22 e-flex e-con-boxed e-con e-parent\" data-id=\"8621f22\" data-element_type=\"container\" data-settings=\"{&quot;background_background&quot;:&quot;classic&quot;,&quot;shape_divider_bottom_negative&quot;:&quot;yes&quot;,&quot;shape_divider_bottom&quot;:&quot;pyramids&quot;}\">\n\t\t\t\t\t<div class=\"e-con-inner\">\n\t\t\t\t<div class=\"elementor-shape elementor-shape-bottom\" aria-hidden=\"true\" data-negative=\"true\">\n\t\t\t<svg xmlns=\"http:\/\/www.w3.org\/2000\/svg\" viewbox=\"0 0 1000 100\" preserveaspectratio=\"none\">\n\t<path class=\"elementor-shape-fill\" d=\"M761.9,40.6L643.1,24L333.9,93.8L0.1,1H0v99h1000V1\"\/>\n<\/svg>\t\t<\/div>\n\t\t<div class=\"elementor-element elementor-element-743b0821 e-con-full e-flex e-con e-child\" data-id=\"743b0821\" data-element_type=\"container\">\n\t\t\t\t<div class=\"elementor-element elementor-element-668c73b elementor-widget elementor-widget-global elementor-global-644 elementor-widget-heading\" data-id=\"668c73b\" data-element_type=\"widget\" data-widget_type=\"heading.default\">\n\t\t\t\t\t<h4 class=\"elementor-heading-title elementor-size-default\">What are you waiting for?<\/h4>\t\t\t\t<\/div>\n\t\t\t\t<div class=\"elementor-element elementor-element-effdcbe elementor-widget elementor-widget-global elementor-global-647 elementor-widget-heading\" data-id=\"effdcbe\" data-element_type=\"widget\" data-widget_type=\"heading.default\">\n\t\t\t\t\t<h2 class=\"elementor-heading-title elementor-size-default\">Create memories for life at Camp Mefjord!<\/h2>\t\t\t\t<\/div>\n\t\t\t\t<div class=\"elementor-element elementor-element-d9f8079 elementor-widget elementor-widget-global elementor-global-650 elementor-widget-text-editor\" data-id=\"d9f8079\" data-element_type=\"widget\" data-widget_type=\"text-editor.default\">\n\t\t\t\t\t\t\t\t\t<p><strong>Experience the best Senja has to offer at Camp Mefjord!<\/strong><\/p><p>Camping at Camp Mefjord can be both <span style=\"text-decoration: underline;\"><a href=\"https:\/\/www.easynetbooking.com\/o\/ob.php?uhr=u3pamb\" target=\"_blank\" rel=\"noopener\">booked online<\/a><\/span> or by attendance! Rooms at Camp 2 can also <span style=\"text-decoration: underline;\"><a href=\"https:\/\/www.easynetbooking.com\/o\/ob.php?uhr=u3pamb\" target=\"_blank\" rel=\"noopener\">booked online<\/a><\/span>.<\/p>\t\t\t\t\t\t\t\t<\/div>\n\t\t<div class=\"elementor-element elementor-element-cdb464d e-con-full e-flex e-con e-child\" data-id=\"cdb464d\" data-element_type=\"container\">\n\t\t\t\t<div class=\"elementor-element elementor-element-ffa2add elementor-align-justify elementor-widget__width-initial elementor-widget elementor-widget-global elementor-global-631 elementor-widget-button\" data-id=\"ffa2add\" data-element_type=\"widget\" data-widget_type=\"button.default\">\n\t\t\t\t\t\t\t\t\t\t<a class=\"elementor-button elementor-button-link elementor-size-sm\" href=\"tel:004794976069\">\n\t\t\t\t\t\t<span class=\"elementor-button-content-wrapper\">\n\t\t\t\t\t\t\t\t\t<span class=\"elementor-button-text\">Give us a call<\/span>\n\t\t\t\t\t<\/span>\n\t\t\t\t\t<\/a>\n\t\t\t\t\t\t\t\t<\/div>\n\t\t\t\t<div class=\"elementor-element elementor-element-5476d4c elementor-align-justify elementor-widget__width-initial elementor-widget elementor-widget-global elementor-global-634 elementor-widget-button\" data-id=\"5476d4c\" data-element_type=\"widget\" data-widget_type=\"button.default\">\n\t\t\t\t\t\t\t\t\t\t<a class=\"elementor-button elementor-button-link elementor-size-sm\" href=\"https:\/\/www.easynetbooking.com\/o\/ob.php?uhr=u3pamb\" target=\"_blank\">\n\t\t\t\t\t\t<span class=\"elementor-button-content-wrapper\">\n\t\t\t\t\t\t\t\t\t<span class=\"elementor-button-text\">Booking<\/span>\n\t\t\t\t\t<\/span>\n\t\t\t\t\t<\/a>\n\t\t\t\t\t\t\t\t<\/div>\n\t\t\t\t<div class=\"elementor-element elementor-element-b3628e3 elementor-align-justify elementor-widget__width-initial elementor-widget elementor-widget-global elementor-global-637 elementor-widget-button\" data-id=\"b3628e3\" data-element_type=\"widget\" data-widget_type=\"button.default\">\n\t\t\t\t\t\t\t\t\t\t<a class=\"elementor-button elementor-button-link elementor-size-sm\" href=\"mailto:firmapost@campmefjord.no\">\n\t\t\t\t\t\t<span class=\"elementor-button-content-wrapper\">\n\t\t\t\t\t\t\t\t\t<span class=\"elementor-button-text\">Send email<\/span>\n\t\t\t\t\t<\/span>\n\t\t\t\t\t<\/a>\n\t\t\t\t\t\t\t\t<\/div>\n\t\t\t\t<\/div>\n\t\t\t\t<\/div>\n\t\t\t\t\t<\/div>\n\t\t\t\t<\/div>\n\t\t\t\t<\/div>","protected":false},"excerpt":{"rendered":"<p>Camp Mefjord Booking Om Camp Mefjord Hos oss f\u00e5r du oppleve det beste av Senja Camp Mefjord ligger nede ved sj\u00f8en, mellom fjell og fjord i Mefjordv\u00e6r p\u00e5 Senja i Norge. Camp 1 og 2 ligger i n\u00e6rheten av hverandre, slik at vi kan fleksibelt tilrettelegge oppholdet ditt mellom begge plassene under sesonger med skiftende [&hellip;]<\/p>","protected":false},"author":1,"featured_media":0,"parent":0,"menu_order":0,"comment_status":"closed","ping_status":"closed","template":"","meta":{"footnotes":""},"class_list":["post-800","page","type-page","status-publish","hentry"],"yoast_head":"<!-- This site is optimized with the Yoast SEO plugin v26.6 - https:\/\/yoast.com\/wordpress\/plugins\/seo\/ -->\n<title>Om oss - Camp Mefjord<\/title>\n<meta name=\"robots\" content=\"index, follow, max-snippet:-1, max-image-preview:large, max-video-preview:-1\" \/>\n<link rel=\"canonical\" href=\"https:\/\/campmefjord.no\/en\/om-oss\/\" \/>\n<meta property=\"og:locale\" content=\"en_US\" \/>\n<meta property=\"og:type\" content=\"article\" \/>\n<meta property=\"og:title\" content=\"Om oss - Camp Mefjord\" \/>\n<meta property=\"og:description\" content=\"Camp Mefjord Booking Om Camp Mefjord Hos oss f\u00e5r du oppleve det beste av Senja Camp Mefjord ligger nede ved sj\u00f8en, mellom fjell og fjord i Mefjordv\u00e6r p\u00e5 Senja i Norge. Camp 1 og 2 ligger i n\u00e6rheten av hverandre, slik at vi kan fleksibelt tilrettelegge oppholdet ditt mellom begge plassene under sesonger med skiftende [&hellip;]\" \/>\n<meta property=\"og:url\" content=\"https:\/\/campmefjord.no\/en\/om-oss\/\" \/>\n<meta property=\"og:site_name\" content=\"Camp Mefjord\" \/>\n<meta property=\"article:publisher\" content=\"https:\/\/www.facebook.com\/camp.Mefjord\/\" \/>\n<meta property=\"article:modified_time\" content=\"2026-01-20T12:09:01+00:00\" \/>\n<meta property=\"og:image\" content=\"https:\/\/campmefjord.no\/wp-content\/uploads\/2025\/12\/20250705_114401.jpg\" \/>\n\t<meta property=\"og:image:width\" content=\"1920\" \/>\n\t<meta property=\"og:image:height\" content=\"1440\" \/>\n\t<meta property=\"og:image:type\" content=\"image\/jpeg\" \/>\n<meta name=\"twitter:card\" content=\"summary_large_image\" \/>\n<meta name=\"twitter:label1\" content=\"Est. reading time\" \/>\n\t<meta name=\"twitter:data1\" content=\"2 minutes\" \/>\n<script type=\"application\/ld+json\" class=\"yoast-schema-graph\">{\"@context\":\"https:\/\/schema.org\",\"@graph\":[{\"@type\":\"WebPage\",\"@id\":\"https:\/\/campmefjord.no\/om-oss\/\",\"url\":\"https:\/\/campmefjord.no\/om-oss\/\",\"name\":\"Om oss - Camp Mefjord\",\"isPartOf\":{\"@id\":\"https:\/\/campmefjord.no\/#website\"},\"primaryImageOfPage\":{\"@id\":\"https:\/\/campmefjord.no\/om-oss\/#primaryimage\"},\"image\":{\"@id\":\"https:\/\/campmefjord.no\/om-oss\/#primaryimage\"},\"thumbnailUrl\":\"https:\/\/campmefjord.no\/wp-content\/uploads\/2025\/12\/20250705_114401.jpg\",\"datePublished\":\"2025-12-15T13:48:48+00:00\",\"dateModified\":\"2026-01-20T12:09:01+00:00\",\"breadcrumb\":{\"@id\":\"https:\/\/campmefjord.no\/om-oss\/#breadcrumb\"},\"inLanguage\":\"en-US\",\"potentialAction\":[{\"@type\":\"ReadAction\",\"target\":[\"https:\/\/campmefjord.no\/om-oss\/\"]}]},{\"@type\":\"ImageObject\",\"inLanguage\":\"en-US\",\"@id\":\"https:\/\/campmefjord.no\/om-oss\/#primaryimage\",\"url\":\"https:\/\/campmefjord.no\/wp-content\/uploads\/2025\/12\/20250705_114401.jpg\",\"contentUrl\":\"https:\/\/campmefjord.no\/wp-content\/uploads\/2025\/12\/20250705_114401.jpg\"},{\"@type\":\"BreadcrumbList\",\"@id\":\"https:\/\/campmefjord.no\/om-oss\/#breadcrumb\",\"itemListElement\":[{\"@type\":\"ListItem\",\"position\":1,\"name\":\"Hjem\",\"item\":\"https:\/\/campmefjord.no\/\"},{\"@type\":\"ListItem\",\"position\":2,\"name\":\"Om oss\"}]},{\"@type\":\"WebSite\",\"@id\":\"https:\/\/campmefjord.no\/#website\",\"url\":\"https:\/\/campmefjord.no\/\",\"name\":\"Camp Mefjord\",\"description\":\"Camping ved vannet, mellom fjord og fjell i Senja\",\"publisher\":{\"@id\":\"https:\/\/campmefjord.no\/#organization\"},\"alternateName\":\"Camp Mefjord\",\"potentialAction\":[{\"@type\":\"SearchAction\",\"target\":{\"@type\":\"EntryPoint\",\"urlTemplate\":\"https:\/\/campmefjord.no\/?s={search_term_string}\"},\"query-input\":{\"@type\":\"PropertyValueSpecification\",\"valueRequired\":true,\"valueName\":\"search_term_string\"}}],\"inLanguage\":\"en-US\"},{\"@type\":\"Organization\",\"@id\":\"https:\/\/campmefjord.no\/#organization\",\"name\":\"Camp Mefjord\",\"alternateName\":\"Camp Mefjord\",\"url\":\"https:\/\/campmefjord.no\/\",\"logo\":{\"@type\":\"ImageObject\",\"inLanguage\":\"en-US\",\"@id\":\"https:\/\/campmefjord.no\/#\/schema\/logo\/image\/\",\"url\":\"https:\/\/campmefjord.no\/wp-content\/uploads\/2025\/12\/logo-transparent.png\",\"contentUrl\":\"https:\/\/campmefjord.no\/wp-content\/uploads\/2025\/12\/logo-transparent.png\",\"width\":1007,\"height\":543,\"caption\":\"Camp Mefjord\"},\"image\":{\"@id\":\"https:\/\/campmefjord.no\/#\/schema\/logo\/image\/\"},\"sameAs\":[\"https:\/\/www.facebook.com\/camp.Mefjord\/\",\"https:\/\/www.instagram.com\/campmefjord\/\"]}]}<\/script>\n<!-- \/ Yoast SEO plugin. -->","yoast_head_json":{"title":"Om oss - Camp Mefjord","robots":{"index":"index","follow":"follow","max-snippet":"max-snippet:-1","max-image-preview":"max-image-preview:large","max-video-preview":"max-video-preview:-1"},"canonical":"https:\/\/campmefjord.no\/en\/om-oss\/","og_locale":"en_US","og_type":"article","og_title":"Om oss - Camp Mefjord","og_description":"Camp Mefjord Booking Om Camp Mefjord Hos oss f\u00e5r du oppleve det beste av Senja Camp Mefjord ligger nede ved sj\u00f8en, mellom fjell og fjord i Mefjordv\u00e6r p\u00e5 Senja i Norge. Camp 1 og 2 ligger i n\u00e6rheten av hverandre, slik at vi kan fleksibelt tilrettelegge oppholdet ditt mellom begge plassene under sesonger med skiftende [&hellip;]","og_url":"https:\/\/campmefjord.no\/en\/om-oss\/","og_site_name":"Camp Mefjord","article_publisher":"https:\/\/www.facebook.com\/camp.Mefjord\/","article_modified_time":"2026-01-20T12:09:01+00:00","og_image":[{"width":1920,"height":1440,"url":"https:\/\/campmefjord.no\/wp-content\/uploads\/2025\/12\/20250705_114401.jpg","type":"image\/jpeg"}],"twitter_card":"summary_large_image","twitter_misc":{"Est. reading time":"2 minutes"},"schema":{"@context":"https:\/\/schema.org","@graph":[{"@type":"WebPage","@id":"https:\/\/campmefjord.no\/om-oss\/","url":"https:\/\/campmefjord.no\/om-oss\/","name":"Om oss - Camp Mefjord","isPartOf":{"@id":"https:\/\/campmefjord.no\/#website"},"primaryImageOfPage":{"@id":"https:\/\/campmefjord.no\/om-oss\/#primaryimage"},"image":{"@id":"https:\/\/campmefjord.no\/om-oss\/#primaryimage"},"thumbnailUrl":"https:\/\/campmefjord.no\/wp-content\/uploads\/2025\/12\/20250705_114401.jpg","datePublished":"2025-12-15T13:48:48+00:00","dateModified":"2026-01-20T12:09:01+00:00","breadcrumb":{"@id":"https:\/\/campmefjord.no\/om-oss\/#breadcrumb"},"inLanguage":"en-US","potentialAction":[{"@type":"ReadAction","target":["https:\/\/campmefjord.no\/om-oss\/"]}]},{"@type":"ImageObject","inLanguage":"en-US","@id":"https:\/\/campmefjord.no\/om-oss\/#primaryimage","url":"https:\/\/campmefjord.no\/wp-content\/uploads\/2025\/12\/20250705_114401.jpg","contentUrl":"https:\/\/campmefjord.no\/wp-content\/uploads\/2025\/12\/20250705_114401.jpg"},{"@type":"BreadcrumbList","@id":"https:\/\/campmefjord.no\/om-oss\/#breadcrumb","itemListElement":[{"@type":"ListItem","position":1,"name":"Hjem","item":"https:\/\/campmefjord.no\/"},{"@type":"ListItem","position":2,"name":"Om oss"}]},{"@type":"WebSite","@id":"https:\/\/campmefjord.no\/#website","url":"https:\/\/campmefjord.no\/","name":"Camp Mefjord","description":"Camping by the water, between fjord and mountains in Senja","publisher":{"@id":"https:\/\/campmefjord.no\/#organization"},"alternateName":"Camp Mefjord","potentialAction":[{"@type":"SearchAction","target":{"@type":"EntryPoint","urlTemplate":"https:\/\/campmefjord.no\/?s={search_term_string}"},"query-input":{"@type":"PropertyValueSpecification","valueRequired":true,"valueName":"search_term_string"}}],"inLanguage":"en-US"},{"@type":"Organization","@id":"https:\/\/campmefjord.no\/#organization","name":"Camp Mefjord","alternateName":"Camp Mefjord","url":"https:\/\/campmefjord.no\/","logo":{"@type":"ImageObject","inLanguage":"en-US","@id":"https:\/\/campmefjord.no\/#\/schema\/logo\/image\/","url":"https:\/\/campmefjord.no\/wp-content\/uploads\/2025\/12\/logo-transparent.png","contentUrl":"https:\/\/campmefjord.no\/wp-content\/uploads\/2025\/12\/logo-transparent.png","width":1007,"height":543,"caption":"Camp Mefjord"},"image":{"@id":"https:\/\/campmefjord.no\/#\/schema\/logo\/image\/"},"sameAs":["https:\/\/www.facebook.com\/camp.Mefjord\/","https:\/\/www.instagram.com\/campmefjord\/"]}]}},"_links":{"self":[{"href":"https:\/\/campmefjord.no\/en\/wp-json\/wp\/v2\/pages\/800","targetHints":{"allow":["GET"]}}],"collection":[{"href":"https:\/\/campmefjord.no\/en\/wp-json\/wp\/v2\/pages"}],"about":[{"href":"https:\/\/campmefjord.no\/en\/wp-json\/wp\/v2\/types\/page"}],"author":[{"embeddable":true,"href":"https:\/\/campmefjord.no\/en\/wp-json\/wp\/v2\/users\/1"}],"replies":[{"embeddable":true,"href":"https:\/\/campmefjord.no\/en\/wp-json\/wp\/v2\/comments?post=800"}],"version-history":[{"count":28,"href":"https:\/\/campmefjord.no\/en\/wp-json\/wp\/v2\/pages\/800\/revisions"}],"predecessor-version":[{"id":1226,"href":"https:\/\/campmefjord.no\/en\/wp-json\/wp\/v2\/pages\/800\/revisions\/1226"}],"wp:attachment":[{"href":"https:\/\/campmefjord.no\/en\/wp-json\/wp\/v2\/media?parent=800"}],"curies":[{"name":"wp","href":"https:\/\/api.w.org\/{rel}","templated":true}]}}