{"id":809,"date":"2025-12-15T14:55:19","date_gmt":"2025-12-15T13:55:19","guid":{"rendered":"https:\/\/elastic-shannon.217-170-194-30.plesk.page\/?page_id=809"},"modified":"2026-01-30T18:10:17","modified_gmt":"2026-01-30T17:10:17","slug":"kontakt-oss","status":"publish","type":"page","link":"https:\/\/campmefjord.no\/en\/kontakt-oss\/","title":{"rendered":"Contact us"},"content":{"rendered":"<div data-elementor-type=\"wp-page\" data-elementor-id=\"809\" class=\"elementor elementor-809\" data-elementor-post-type=\"page\">\n\t\t\t\t<div class=\"elementor-element elementor-element-6262024 e-flex e-con-boxed e-con e-parent\" data-id=\"6262024\" data-element_type=\"container\" data-settings=\"{&quot;background_background&quot;:&quot;classic&quot;}\">\n\t\t\t\t\t<div class=\"e-con-inner\">\n\t\t<div class=\"elementor-element elementor-element-62fe42d3 e-con-full e-flex e-con e-child\" data-id=\"62fe42d3\" data-element_type=\"container\">\n\t\t\t\t<div class=\"elementor-element elementor-element-3fc6ba9 elementor-widget elementor-widget-global elementor-global-721 elementor-widget-heading\" data-id=\"3fc6ba9\" data-element_type=\"widget\" data-widget_type=\"heading.default\">\n\t\t\t\t\t<h4 class=\"elementor-heading-title elementor-size-default\">Camp Mefjord<\/h4>\t\t\t\t<\/div>\n\t\t<div class=\"elementor-element elementor-element-52dbde3 e-con-full e-flex e-con e-child\" data-id=\"52dbde3\" data-element_type=\"container\">\n\t\t\t\t<div class=\"elementor-element elementor-element-9fa96bf elementor-align-justify elementor-widget__width-initial elementor-widget elementor-widget-global elementor-global-634 elementor-widget-button\" data-id=\"9fa96bf\" data-element_type=\"widget\" data-widget_type=\"button.default\">\n\t\t\t\t\t\t\t\t\t\t<a class=\"elementor-button elementor-button-link elementor-size-sm\" href=\"https:\/\/www.easynetbooking.com\/o\/ob.php?uhr=u3pamb\" target=\"_blank\">\n\t\t\t\t\t\t<span class=\"elementor-button-content-wrapper\">\n\t\t\t\t\t\t\t\t\t<span class=\"elementor-button-text\">Booking<\/span>\n\t\t\t\t\t<\/span>\n\t\t\t\t\t<\/a>\n\t\t\t\t\t\t\t\t<\/div>\n\t\t\t\t<\/div>\n\t\t\t\t<\/div>\n\t\t\t\t\t<\/div>\n\t\t\t\t<\/div>\n\t\t<div class=\"elementor-element elementor-element-5e2c04ba e-flex e-con-boxed e-con e-parent\" data-id=\"5e2c04ba\" data-element_type=\"container\" data-settings=\"{&quot;shape_divider_bottom_negative&quot;:&quot;yes&quot;,&quot;shape_divider_bottom&quot;:&quot;pyramids&quot;}\">\n\t\t\t\t\t<div class=\"e-con-inner\">\n\t\t\t\t<div class=\"elementor-shape elementor-shape-bottom\" aria-hidden=\"true\" data-negative=\"true\">\n\t\t\t<svg xmlns=\"http:\/\/www.w3.org\/2000\/svg\" viewbox=\"0 0 1000 100\" preserveaspectratio=\"none\">\n\t<path class=\"elementor-shape-fill\" d=\"M761.9,40.6L643.1,24L333.9,93.8L0.1,1H0v99h1000V1\"\/>\n<\/svg>\t\t<\/div>\n\t\t<div class=\"elementor-element elementor-element-6469081e e-flex e-con-boxed e-con e-child\" data-id=\"6469081e\" data-element_type=\"container\">\n\t\t\t\t\t<div class=\"e-con-inner\">\n\t\t<div class=\"elementor-element elementor-element-6da4472 e-con-full e-flex e-con e-child\" data-id=\"6da4472\" data-element_type=\"container\">\n\t\t\t\t<div class=\"elementor-element elementor-element-ee67957 elementor-view-stacked elementor-widget__width-initial elementor-shape-circle elementor-position-block-start elementor-mobile-position-block-start elementor-widget elementor-widget-icon-box\" data-id=\"ee67957\" data-element_type=\"widget\" data-widget_type=\"icon-box.default\">\n\t\t\t\t\t\t\t<div class=\"elementor-icon-box-wrapper\">\n\n\t\t\t\t\t\t<div class=\"elementor-icon-box-icon\">\n\t\t\t\t<a href=\"tel:004794976069\" class=\"elementor-icon\" tabindex=\"-1\" aria-label=\"Phone number\">\n\t\t\t\t<svg aria-hidden=\"true\" class=\"e-font-icon-svg e-fas-phone-alt\" viewbox=\"0 0 512 512\" xmlns=\"http:\/\/www.w3.org\/2000\/svg\"><path d=\"M497.39 361.8l-112-48a24 24 0 0 0-28 6.9l-49.6 60.6A370.66 370.66 0 0 1 130.6 204.11l60.6-49.6a23.94 23.94 0 0 0 6.9-28l-48-112A24.16 24.16 0 0 0 122.6.61l-104 24A24 24 0 0 0 0 48c0 256.5 207.9 464 464 464a24 24 0 0 0 23.4-18.6l24-104a24.29 24.29 0 0 0-14.01-27.6z\"><\/path><\/svg>\t\t\t\t<\/a>\n\t\t\t<\/div>\n\t\t\t\n\t\t\t\t\t\t<div class=\"elementor-icon-box-content\">\n\n\t\t\t\t\t\t\t\t\t<h3 class=\"elementor-icon-box-title\">\n\t\t\t\t\t\t<a href=\"tel:004794976069\" >\n\t\t\t\t\t\t\tPhone number\t\t\t\t\t\t<\/a>\n\t\t\t\t\t<\/h3>\n\t\t\t\t\n\t\t\t\t\t\t\t\t\t<p class=\"elementor-icon-box-description\">\n\t\t\t\t\t\t(+47) 949 76 069\t\t\t\t\t<\/p>\n\t\t\t\t\n\t\t\t<\/div>\n\t\t\t\n\t\t<\/div>\n\t\t\t\t\t\t<\/div>\n\t\t\t\t<div class=\"elementor-element elementor-element-b927c4a elementor-view-stacked elementor-widget__width-initial elementor-shape-circle elementor-position-block-start elementor-mobile-position-block-start elementor-widget elementor-widget-icon-box\" data-id=\"b927c4a\" data-element_type=\"widget\" data-widget_type=\"icon-box.default\">\n\t\t\t\t\t\t\t<div class=\"elementor-icon-box-wrapper\">\n\n\t\t\t\t\t\t<div class=\"elementor-icon-box-icon\">\n\t\t\t\t<a href=\"mailto:firmapost@campmefjord.no\" class=\"elementor-icon\" tabindex=\"-1\" aria-label=\"E-mail address\">\n\t\t\t\t<svg aria-hidden=\"true\" class=\"e-font-icon-svg e-fas-envelope\" viewbox=\"0 0 512 512\" xmlns=\"http:\/\/www.w3.org\/2000\/svg\"><path d=\"M502.3 190.8c3.9-3.1 9.7-.2 9.7 4.7V400c0 26.5-21.5 48-48 48H48c-26.5 0-48-21.5-48-48V195.6c0-5 5.7-7.8 9.7-4.7 22.4 17.4 52.1 39.5 154.1 113.6 21.1 15.4 56.7 47.8 92.2 47.6 35.7.3 72-32.8 92.3-47.6 102-74.1 131.6-96.3 154-113.7zM256 320c23.2.4 56.6-29.2 73.4-41.4 132.7-96.3 142.8-104.7 173.4-128.7 5.8-4.5 9.2-11.5 9.2-18.9v-19c0-26.5-21.5-48-48-48H48C21.5 64 0 85.5 0 112v19c0 7.4 3.4 14.3 9.2 18.9 30.6 23.9 40.7 32.4 173.4 128.7 16.8 12.2 50.2 41.8 73.4 41.4z\"><\/path><\/svg>\t\t\t\t<\/a>\n\t\t\t<\/div>\n\t\t\t\n\t\t\t\t\t\t<div class=\"elementor-icon-box-content\">\n\n\t\t\t\t\t\t\t\t\t<h3 class=\"elementor-icon-box-title\">\n\t\t\t\t\t\t<a href=\"mailto:firmapost@campmefjord.no\" >\n\t\t\t\t\t\t\tE-mail address\t\t\t\t\t\t<\/a>\n\t\t\t\t\t<\/h3>\n\t\t\t\t\n\t\t\t\t\t\t\t\t\t<p class=\"elementor-icon-box-description\">\n\t\t\t\t\t\tfirmapost@campmefjord.no\t\t\t\t\t<\/p>\n\t\t\t\t\n\t\t\t<\/div>\n\t\t\t\n\t\t<\/div>\n\t\t\t\t\t\t<\/div>\n\t\t\t\t<\/div>\n\t\t<div class=\"elementor-element elementor-element-9ac1fc0 e-con-full e-flex e-con e-child\" data-id=\"9ac1fc0\" data-element_type=\"container\">\n\t\t\t\t<div class=\"elementor-element elementor-element-d7cf501 elementor-view-stacked elementor-widget__width-initial elementor-shape-circle elementor-position-block-start elementor-mobile-position-block-start elementor-widget elementor-widget-icon-box\" data-id=\"d7cf501\" data-element_type=\"widget\" data-widget_type=\"icon-box.default\">\n\t\t\t\t\t\t\t<div class=\"elementor-icon-box-wrapper\">\n\n\t\t\t\t\t\t<div class=\"elementor-icon-box-icon\">\n\t\t\t\t<a href=\"https:\/\/www.google.com\/maps\/place\/Mefjordveien+1907,+9386+Senjahopen\/@69.5157519,17.439654,374m\/data=!3m2!1e3!4b1!4m6!3m5!1s0x45dcaa8a7d816aff:0x3ff8b1dc535723c1!8m2!3d69.5157519!4d17.4422289!16s%2Fg%2F11c0_lg2xg?entry=ttu&#038;g_ep=EgoyMDI1MTIwOS4wIKXMDSoASAFQAw%3D%3D\" target=\"_blank\" class=\"elementor-icon\" tabindex=\"-1\" aria-label=\"Camp 1\">\n\t\t\t\t<svg aria-hidden=\"true\" class=\"e-font-icon-svg e-fas-map-marker-alt\" viewbox=\"0 0 384 512\" xmlns=\"http:\/\/www.w3.org\/2000\/svg\"><path d=\"M172.268 501.67C26.97 291.031 0 269.413 0 192 0 85.961 85.961 0 192 0s192 85.961 192 192c0 77.413-26.97 99.031-172.268 309.67-9.535 13.774-29.93 13.773-39.464 0zM192 272c44.183 0 80-35.817 80-80s-35.817-80-80-80-80 35.817-80 80 35.817 80 80 80z\"><\/path><\/svg>\t\t\t\t<\/a>\n\t\t\t<\/div>\n\t\t\t\n\t\t\t\t\t\t<div class=\"elementor-icon-box-content\">\n\n\t\t\t\t\t\t\t\t\t<h3 class=\"elementor-icon-box-title\">\n\t\t\t\t\t\t<a href=\"https:\/\/www.google.com\/maps\/place\/Mefjordveien+1907,+9386+Senjahopen\/@69.5157519,17.439654,374m\/data=!3m2!1e3!4b1!4m6!3m5!1s0x45dcaa8a7d816aff:0x3ff8b1dc535723c1!8m2!3d69.5157519!4d17.4422289!16s%2Fg%2F11c0_lg2xg?entry=ttu&#038;g_ep=EgoyMDI1MTIwOS4wIKXMDSoASAFQAw%3D%3D\" target=\"_blank\" >\n\t\t\t\t\t\t\tCamp 1\t\t\t\t\t\t<\/a>\n\t\t\t\t\t<\/h3>\n\t\t\t\t\n\t\t\t\t\t\t\t\t\t<p class=\"elementor-icon-box-description\">\n\t\t\t\t\t\tMefjordveien 1907, 9386 Senjahopen\t\t\t\t\t<\/p>\n\t\t\t\t\n\t\t\t<\/div>\n\t\t\t\n\t\t<\/div>\n\t\t\t\t\t\t<\/div>\n\t\t\t\t<div class=\"elementor-element elementor-element-f0e0213 elementor-view-stacked elementor-widget__width-initial elementor-shape-circle elementor-position-block-start elementor-mobile-position-block-start elementor-widget elementor-widget-icon-box\" data-id=\"f0e0213\" data-element_type=\"widget\" data-widget_type=\"icon-box.default\">\n\t\t\t\t\t\t\t<div class=\"elementor-icon-box-wrapper\">\n\n\t\t\t\t\t\t<div class=\"elementor-icon-box-icon\">\n\t\t\t\t<a href=\"https:\/\/www.google.com\/maps\/place\/Brakkeveien+17,+9386+Senjahopen\/@69.5219068,17.4326154,374m\/data=!3m2!1e3!4b1!4m6!3m5!1s0x45dcaaf49d02ccc9:0x6cb374c77b78ec45!8m2!3d69.5219068!4d17.4351903!16s%2Fg%2F11c4l4cl28?entry=ttu&#038;g_ep=EgoyMDI1MTIwOS4wIKXMDSoASAFQAw%3D%3D\" target=\"_blank\" class=\"elementor-icon\" tabindex=\"-1\" aria-label=\"Camp 2\">\n\t\t\t\t<svg aria-hidden=\"true\" class=\"e-font-icon-svg e-fas-map-marker-alt\" viewbox=\"0 0 384 512\" xmlns=\"http:\/\/www.w3.org\/2000\/svg\"><path d=\"M172.268 501.67C26.97 291.031 0 269.413 0 192 0 85.961 85.961 0 192 0s192 85.961 192 192c0 77.413-26.97 99.031-172.268 309.67-9.535 13.774-29.93 13.773-39.464 0zM192 272c44.183 0 80-35.817 80-80s-35.817-80-80-80-80 35.817-80 80 35.817 80 80 80z\"><\/path><\/svg>\t\t\t\t<\/a>\n\t\t\t<\/div>\n\t\t\t\n\t\t\t\t\t\t<div class=\"elementor-icon-box-content\">\n\n\t\t\t\t\t\t\t\t\t<h3 class=\"elementor-icon-box-title\">\n\t\t\t\t\t\t<a href=\"https:\/\/www.google.com\/maps\/place\/Brakkeveien+17,+9386+Senjahopen\/@69.5219068,17.4326154,374m\/data=!3m2!1e3!4b1!4m6!3m5!1s0x45dcaaf49d02ccc9:0x6cb374c77b78ec45!8m2!3d69.5219068!4d17.4351903!16s%2Fg%2F11c4l4cl28?entry=ttu&#038;g_ep=EgoyMDI1MTIwOS4wIKXMDSoASAFQAw%3D%3D\" target=\"_blank\" >\n\t\t\t\t\t\t\tCamp 2\t\t\t\t\t\t<\/a>\n\t\t\t\t\t<\/h3>\n\t\t\t\t\n\t\t\t\t\t\t\t\t\t<p class=\"elementor-icon-box-description\">\n\t\t\t\t\t\tBrakkeveien 17, 9386 Senjahopen\t\t\t\t\t<\/p>\n\t\t\t\t\n\t\t\t<\/div>\n\t\t\t\n\t\t<\/div>\n\t\t\t\t\t\t<\/div>\n\t\t\t\t<\/div>\n\t\t\t\t\t<\/div>\n\t\t\t\t<\/div>\n\t\t<div class=\"elementor-element elementor-element-d0d0cdd e-con-full e-flex e-con e-child\" data-id=\"d0d0cdd\" data-element_type=\"container\">\n\t\t<div class=\"elementor-element elementor-element-92e0a36 e-con-full e-flex e-con e-child\" data-id=\"92e0a36\" data-element_type=\"container\" data-settings=\"{&quot;background_background&quot;:&quot;classic&quot;}\">\n\t\t\t\t<div class=\"elementor-element elementor-element-6abb2a5 elementor-widget elementor-widget-heading\" data-id=\"6abb2a5\" data-element_type=\"widget\" data-widget_type=\"heading.default\">\n\t\t\t\t\t<h4 class=\"elementor-heading-title elementor-size-default\">What are you waiting for?<\/h4>\t\t\t\t<\/div>\n\t\t\t\t<div class=\"elementor-element elementor-element-7af97f0 elementor-widget elementor-widget-heading\" data-id=\"7af97f0\" data-element_type=\"widget\" data-widget_type=\"heading.default\">\n\t\t\t\t\t<h2 class=\"elementor-heading-title elementor-size-default\">Create memories for life at Camp Mefjord!<\/h2>\t\t\t\t<\/div>\n\t\t\t\t<div class=\"elementor-element elementor-element-c34807a elementor-widget elementor-widget-text-editor\" data-id=\"c34807a\" data-element_type=\"widget\" data-widget_type=\"text-editor.default\">\n\t\t\t\t\t\t\t\t\t<p><strong>Experience the best Senja has to offer at Camp Mefjord!<\/strong><\/p><p>Camping at Camp 1 and camping\/rooms at Camp 2 can be booked in spring <a href=\"https:\/\/www.easynetbooking.com\/o\/ob.php?uhr=u3pamb\" target=\"_blank\" rel=\"noopener\"><span style=\"text-decoration: underline;\">booking calendar<\/span><\/a>.<\/p><p>We look forward to welcoming you to beautiful Mefjordv\u00e6r on Senja!<\/p>\t\t\t\t\t\t\t\t<\/div>\n\t\t<div class=\"elementor-element elementor-element-e68266b e-con-full e-flex e-con e-child\" data-id=\"e68266b\" data-element_type=\"container\">\n\t\t\t\t<div class=\"elementor-element elementor-element-343bf5f elementor-mobile-align-justify elementor-align-justify elementor-widget__width-initial elementor-widget elementor-widget-global elementor-global-724 elementor-widget-button\" data-id=\"343bf5f\" data-element_type=\"widget\" data-widget_type=\"button.default\">\n\t\t\t\t\t\t\t\t\t\t<a class=\"elementor-button elementor-button-link elementor-size-sm\" href=\"https:\/\/www.easynetbooking.com\/o\/ob.php?uhr=u3pamb\" target=\"_blank\">\n\t\t\t\t\t\t<span class=\"elementor-button-content-wrapper\">\n\t\t\t\t\t\t\t\t\t<span class=\"elementor-button-text\">Booking<\/span>\n\t\t\t\t\t<\/span>\n\t\t\t\t\t<\/a>\n\t\t\t\t\t\t\t\t<\/div>\n\t\t\t\t<\/div>\n\t\t\t\t<\/div>\n\t\t<div class=\"elementor-element elementor-element-95d3871 e-con-full e-flex e-con e-child\" data-id=\"95d3871\" data-element_type=\"container\">\n\t\t\t\t<div class=\"elementor-element elementor-element-4da957d elementor-widget elementor-widget-image\" data-id=\"4da957d\" data-element_type=\"widget\" data-widget_type=\"image.default\">\n\t\t\t\t\t\t\t\t\t\t\t\t\t\t\t<img fetchpriority=\"high\" decoding=\"async\" width=\"1920\" height=\"1440\" src=\"https:\/\/campmefjord.no\/wp-content\/uploads\/2025\/12\/20250705_114119.jpg\" class=\"attachment-full size-full wp-image-734\" alt=\"Servicebygget p\u00e5 Camp 1, Camp Mefjord i Mefjordv\u00e6r p\u00e5 Senja\" srcset=\"https:\/\/campmefjord.no\/wp-content\/uploads\/2025\/12\/20250705_114119.jpg 1920w, https:\/\/campmefjord.no\/wp-content\/uploads\/2025\/12\/20250705_114119-300x225.jpg 300w, https:\/\/campmefjord.no\/wp-content\/uploads\/2025\/12\/20250705_114119-1024x768.jpg 1024w, https:\/\/campmefjord.no\/wp-content\/uploads\/2025\/12\/20250705_114119-768x576.jpg 768w, https:\/\/campmefjord.no\/wp-content\/uploads\/2025\/12\/20250705_114119-1536x1152.jpg 1536w\" sizes=\"(max-width: 1920px) 100vw, 1920px\" \/>\t\t\t\t\t\t\t\t\t\t\t\t\t\t\t<\/div>\n\t\t\t\t<div class=\"elementor-element elementor-element-fac7f04 elementor-widget__width-initial elementor-widget elementor-widget-image\" data-id=\"fac7f04\" data-element_type=\"widget\" data-widget_type=\"image.default\">\n\t\t\t\t\t\t\t\t\t\t\t\t\t\t\t<img decoding=\"async\" width=\"1920\" height=\"1899\" src=\"https:\/\/campmefjord.no\/wp-content\/uploads\/2025\/12\/dji_fly_20251031_191320_0022_1761934650312_photo.jpg\" class=\"attachment-full size-full wp-image-593\" alt=\"Nordlys p\u00e5 Mefjordv\u00e6r p\u00e5 Senja, sett fra Camp 2\" srcset=\"https:\/\/campmefjord.no\/wp-content\/uploads\/2025\/12\/dji_fly_20251031_191320_0022_1761934650312_photo.jpg 1920w, https:\/\/campmefjord.no\/wp-content\/uploads\/2025\/12\/dji_fly_20251031_191320_0022_1761934650312_photo-300x297.jpg 300w, https:\/\/campmefjord.no\/wp-content\/uploads\/2025\/12\/dji_fly_20251031_191320_0022_1761934650312_photo-1024x1013.jpg 1024w, https:\/\/campmefjord.no\/wp-content\/uploads\/2025\/12\/dji_fly_20251031_191320_0022_1761934650312_photo-768x760.jpg 768w, https:\/\/campmefjord.no\/wp-content\/uploads\/2025\/12\/dji_fly_20251031_191320_0022_1761934650312_photo-1536x1519.jpg 1536w\" sizes=\"(max-width: 1920px) 100vw, 1920px\" \/>\t\t\t\t\t\t\t\t\t\t\t\t\t\t\t<\/div>\n\t\t\t\t<\/div>\n\t\t\t\t<\/div>\n\t\t\t\t\t<\/div>\n\t\t\t\t<\/div>\n\t\t\t\t<\/div>","protected":false},"excerpt":{"rendered":"<p>Camp Mefjord Booking Telefon (+47) 949 76 069 E-post firmapost@campmefjord.no Camp 1 Mefjordveien 1907, 9386 Senjahopen Camp 2 Brakkeveien 17, 9386 Senjahopen Hva venter du p\u00e5? Skap minner for livet p\u00e5 Camp Mefjord! Opplev det beste Senja har \u00e5 by p\u00e5 hos Camp Mefjord! Camping p\u00e5 Camp 1 og camping \/ rom p\u00e5 Camp 2 [&hellip;]<\/p>","protected":false},"author":1,"featured_media":0,"parent":0,"menu_order":0,"comment_status":"closed","ping_status":"closed","template":"","meta":{"footnotes":""},"class_list":["post-809","page","type-page","status-publish","hentry"],"yoast_head":"<!-- This site is optimized with the Yoast SEO plugin v26.6 - https:\/\/yoast.com\/wordpress\/plugins\/seo\/ -->\n<title>Kontakt oss - Camp Mefjord<\/title>\n<meta name=\"robots\" content=\"index, follow, max-snippet:-1, max-image-preview:large, max-video-preview:-1\" \/>\n<link rel=\"canonical\" href=\"https:\/\/campmefjord.no\/en\/kontakt-oss\/\" \/>\n<meta property=\"og:locale\" content=\"en_US\" \/>\n<meta property=\"og:type\" content=\"article\" \/>\n<meta property=\"og:title\" content=\"Kontakt oss - Camp Mefjord\" \/>\n<meta property=\"og:description\" content=\"Camp Mefjord Booking Telefon (+47) 949 76 069 E-post firmapost@campmefjord.no Camp 1 Mefjordveien 1907, 9386 Senjahopen Camp 2 Brakkeveien 17, 9386 Senjahopen Hva venter du p\u00e5? Skap minner for livet p\u00e5 Camp Mefjord! Opplev det beste Senja har \u00e5 by p\u00e5 hos Camp Mefjord! Camping p\u00e5 Camp 1 og camping \/ rom p\u00e5 Camp 2 [&hellip;]\" \/>\n<meta property=\"og:url\" content=\"https:\/\/campmefjord.no\/en\/kontakt-oss\/\" \/>\n<meta property=\"og:site_name\" content=\"Camp Mefjord\" \/>\n<meta property=\"article:publisher\" content=\"https:\/\/www.facebook.com\/camp.Mefjord\/\" \/>\n<meta property=\"article:modified_time\" content=\"2026-01-30T17:10:17+00:00\" \/>\n<meta property=\"og:image\" content=\"https:\/\/campmefjord.no\/wp-content\/uploads\/2025\/12\/20250705_114119.jpg\" \/>\n\t<meta property=\"og:image:width\" content=\"1920\" \/>\n\t<meta property=\"og:image:height\" content=\"1440\" \/>\n\t<meta property=\"og:image:type\" content=\"image\/jpeg\" \/>\n<meta name=\"twitter:card\" content=\"summary_large_image\" \/>\n<meta name=\"twitter:label1\" content=\"Est. reading time\" \/>\n\t<meta name=\"twitter:data1\" content=\"1 minute\" \/>\n<script type=\"application\/ld+json\" class=\"yoast-schema-graph\">{\"@context\":\"https:\/\/schema.org\",\"@graph\":[{\"@type\":\"WebPage\",\"@id\":\"https:\/\/campmefjord.no\/kontakt-oss\/\",\"url\":\"https:\/\/campmefjord.no\/kontakt-oss\/\",\"name\":\"Kontakt oss - Camp Mefjord\",\"isPartOf\":{\"@id\":\"https:\/\/campmefjord.no\/#website\"},\"primaryImageOfPage\":{\"@id\":\"https:\/\/campmefjord.no\/kontakt-oss\/#primaryimage\"},\"image\":{\"@id\":\"https:\/\/campmefjord.no\/kontakt-oss\/#primaryimage\"},\"thumbnailUrl\":\"https:\/\/campmefjord.no\/wp-content\/uploads\/2025\/12\/20250705_114119.jpg\",\"datePublished\":\"2025-12-15T13:55:19+00:00\",\"dateModified\":\"2026-01-30T17:10:17+00:00\",\"breadcrumb\":{\"@id\":\"https:\/\/campmefjord.no\/kontakt-oss\/#breadcrumb\"},\"inLanguage\":\"en-US\",\"potentialAction\":[{\"@type\":\"ReadAction\",\"target\":[\"https:\/\/campmefjord.no\/kontakt-oss\/\"]}]},{\"@type\":\"ImageObject\",\"inLanguage\":\"en-US\",\"@id\":\"https:\/\/campmefjord.no\/kontakt-oss\/#primaryimage\",\"url\":\"https:\/\/campmefjord.no\/wp-content\/uploads\/2025\/12\/20250705_114119.jpg\",\"contentUrl\":\"https:\/\/campmefjord.no\/wp-content\/uploads\/2025\/12\/20250705_114119.jpg\"},{\"@type\":\"BreadcrumbList\",\"@id\":\"https:\/\/campmefjord.no\/kontakt-oss\/#breadcrumb\",\"itemListElement\":[{\"@type\":\"ListItem\",\"position\":1,\"name\":\"Hjem\",\"item\":\"https:\/\/campmefjord.no\/\"},{\"@type\":\"ListItem\",\"position\":2,\"name\":\"Kontakt oss\"}]},{\"@type\":\"WebSite\",\"@id\":\"https:\/\/campmefjord.no\/#website\",\"url\":\"https:\/\/campmefjord.no\/\",\"name\":\"Camp Mefjord\",\"description\":\"Camping ved vannet, mellom fjord og fjell i Senja\",\"publisher\":{\"@id\":\"https:\/\/campmefjord.no\/#organization\"},\"alternateName\":\"Camp Mefjord\",\"potentialAction\":[{\"@type\":\"SearchAction\",\"target\":{\"@type\":\"EntryPoint\",\"urlTemplate\":\"https:\/\/campmefjord.no\/?s={search_term_string}\"},\"query-input\":{\"@type\":\"PropertyValueSpecification\",\"valueRequired\":true,\"valueName\":\"search_term_string\"}}],\"inLanguage\":\"en-US\"},{\"@type\":\"Organization\",\"@id\":\"https:\/\/campmefjord.no\/#organization\",\"name\":\"Camp Mefjord\",\"alternateName\":\"Camp Mefjord\",\"url\":\"https:\/\/campmefjord.no\/\",\"logo\":{\"@type\":\"ImageObject\",\"inLanguage\":\"en-US\",\"@id\":\"https:\/\/campmefjord.no\/#\/schema\/logo\/image\/\",\"url\":\"https:\/\/campmefjord.no\/wp-content\/uploads\/2025\/12\/logo-transparent.png\",\"contentUrl\":\"https:\/\/campmefjord.no\/wp-content\/uploads\/2025\/12\/logo-transparent.png\",\"width\":1007,\"height\":543,\"caption\":\"Camp Mefjord\"},\"image\":{\"@id\":\"https:\/\/campmefjord.no\/#\/schema\/logo\/image\/\"},\"sameAs\":[\"https:\/\/www.facebook.com\/camp.Mefjord\/\",\"https:\/\/www.instagram.com\/campmefjord\/\"]}]}<\/script>\n<!-- \/ Yoast SEO plugin. -->","yoast_head_json":{"title":"Kontakt oss - Camp Mefjord","robots":{"index":"index","follow":"follow","max-snippet":"max-snippet:-1","max-image-preview":"max-image-preview:large","max-video-preview":"max-video-preview:-1"},"canonical":"https:\/\/campmefjord.no\/en\/kontakt-oss\/","og_locale":"en_US","og_type":"article","og_title":"Kontakt oss - Camp Mefjord","og_description":"Camp Mefjord Booking Telefon (+47) 949 76 069 E-post firmapost@campmefjord.no Camp 1 Mefjordveien 1907, 9386 Senjahopen Camp 2 Brakkeveien 17, 9386 Senjahopen Hva venter du p\u00e5? Skap minner for livet p\u00e5 Camp Mefjord! Opplev det beste Senja har \u00e5 by p\u00e5 hos Camp Mefjord! Camping p\u00e5 Camp 1 og camping \/ rom p\u00e5 Camp 2 [&hellip;]","og_url":"https:\/\/campmefjord.no\/en\/kontakt-oss\/","og_site_name":"Camp Mefjord","article_publisher":"https:\/\/www.facebook.com\/camp.Mefjord\/","article_modified_time":"2026-01-30T17:10:17+00:00","og_image":[{"width":1920,"height":1440,"url":"https:\/\/campmefjord.no\/wp-content\/uploads\/2025\/12\/20250705_114119.jpg","type":"image\/jpeg"}],"twitter_card":"summary_large_image","twitter_misc":{"Est. reading time":"1 minute"},"schema":{"@context":"https:\/\/schema.org","@graph":[{"@type":"WebPage","@id":"https:\/\/campmefjord.no\/kontakt-oss\/","url":"https:\/\/campmefjord.no\/kontakt-oss\/","name":"Kontakt oss - Camp Mefjord","isPartOf":{"@id":"https:\/\/campmefjord.no\/#website"},"primaryImageOfPage":{"@id":"https:\/\/campmefjord.no\/kontakt-oss\/#primaryimage"},"image":{"@id":"https:\/\/campmefjord.no\/kontakt-oss\/#primaryimage"},"thumbnailUrl":"https:\/\/campmefjord.no\/wp-content\/uploads\/2025\/12\/20250705_114119.jpg","datePublished":"2025-12-15T13:55:19+00:00","dateModified":"2026-01-30T17:10:17+00:00","breadcrumb":{"@id":"https:\/\/campmefjord.no\/kontakt-oss\/#breadcrumb"},"inLanguage":"en-US","potentialAction":[{"@type":"ReadAction","target":["https:\/\/campmefjord.no\/kontakt-oss\/"]}]},{"@type":"ImageObject","inLanguage":"en-US","@id":"https:\/\/campmefjord.no\/kontakt-oss\/#primaryimage","url":"https:\/\/campmefjord.no\/wp-content\/uploads\/2025\/12\/20250705_114119.jpg","contentUrl":"https:\/\/campmefjord.no\/wp-content\/uploads\/2025\/12\/20250705_114119.jpg"},{"@type":"BreadcrumbList","@id":"https:\/\/campmefjord.no\/kontakt-oss\/#breadcrumb","itemListElement":[{"@type":"ListItem","position":1,"name":"Hjem","item":"https:\/\/campmefjord.no\/"},{"@type":"ListItem","position":2,"name":"Kontakt oss"}]},{"@type":"WebSite","@id":"https:\/\/campmefjord.no\/#website","url":"https:\/\/campmefjord.no\/","name":"Camp Mefjord","description":"Camping by the water, between fjord and mountains in Senja","publisher":{"@id":"https:\/\/campmefjord.no\/#organization"},"alternateName":"Camp Mefjord","potentialAction":[{"@type":"SearchAction","target":{"@type":"EntryPoint","urlTemplate":"https:\/\/campmefjord.no\/?s={search_term_string}"},"query-input":{"@type":"PropertyValueSpecification","valueRequired":true,"valueName":"search_term_string"}}],"inLanguage":"en-US"},{"@type":"Organization","@id":"https:\/\/campmefjord.no\/#organization","name":"Camp Mefjord","alternateName":"Camp Mefjord","url":"https:\/\/campmefjord.no\/","logo":{"@type":"ImageObject","inLanguage":"en-US","@id":"https:\/\/campmefjord.no\/#\/schema\/logo\/image\/","url":"https:\/\/campmefjord.no\/wp-content\/uploads\/2025\/12\/logo-transparent.png","contentUrl":"https:\/\/campmefjord.no\/wp-content\/uploads\/2025\/12\/logo-transparent.png","width":1007,"height":543,"caption":"Camp Mefjord"},"image":{"@id":"https:\/\/campmefjord.no\/#\/schema\/logo\/image\/"},"sameAs":["https:\/\/www.facebook.com\/camp.Mefjord\/","https:\/\/www.instagram.com\/campmefjord\/"]}]}},"_links":{"self":[{"href":"https:\/\/campmefjord.no\/en\/wp-json\/wp\/v2\/pages\/809","targetHints":{"allow":["GET"]}}],"collection":[{"href":"https:\/\/campmefjord.no\/en\/wp-json\/wp\/v2\/pages"}],"about":[{"href":"https:\/\/campmefjord.no\/en\/wp-json\/wp\/v2\/types\/page"}],"author":[{"embeddable":true,"href":"https:\/\/campmefjord.no\/en\/wp-json\/wp\/v2\/users\/1"}],"replies":[{"embeddable":true,"href":"https:\/\/campmefjord.no\/en\/wp-json\/wp\/v2\/comments?post=809"}],"version-history":[{"count":49,"href":"https:\/\/campmefjord.no\/en\/wp-json\/wp\/v2\/pages\/809\/revisions"}],"predecessor-version":[{"id":1250,"href":"https:\/\/campmefjord.no\/en\/wp-json\/wp\/v2\/pages\/809\/revisions\/1250"}],"wp:attachment":[{"href":"https:\/\/campmefjord.no\/en\/wp-json\/wp\/v2\/media?parent=809"}],"curies":[{"name":"wp","href":"https:\/\/api.w.org\/{rel}","templated":true}]}}