{"id":959,"date":"2025-12-16T10:36:39","date_gmt":"2025-12-16T09:36:39","guid":{"rendered":"https:\/\/elastic-shannon.217-170-194-30.plesk.page\/?page_id=959"},"modified":"2025-12-16T10:55:50","modified_gmt":"2025-12-16T09:55:50","slug":"nyheter","status":"publish","type":"page","link":"https:\/\/campmefjord.no\/en\/nyheter\/","title":{"rendered":"What's new"},"content":{"rendered":"<div data-elementor-type=\"wp-page\" data-elementor-id=\"959\" class=\"elementor elementor-959\" data-elementor-post-type=\"page\">\n\t\t\t\t<div class=\"elementor-element elementor-element-6262024 e-flex e-con-boxed e-con e-parent\" data-id=\"6262024\" data-element_type=\"container\" data-settings=\"{&quot;background_background&quot;:&quot;classic&quot;}\">\n\t\t\t\t\t<div class=\"e-con-inner\">\n\t\t<div class=\"elementor-element elementor-element-62fe42d3 e-con-full e-flex e-con e-child\" data-id=\"62fe42d3\" data-element_type=\"container\">\n\t\t\t\t<div class=\"elementor-element elementor-element-3fc6ba9 elementor-widget elementor-widget-global elementor-global-721 elementor-widget-heading\" data-id=\"3fc6ba9\" data-element_type=\"widget\" data-widget_type=\"heading.default\">\n\t\t\t\t\t<h4 class=\"elementor-heading-title elementor-size-default\">Camp Mefjord<\/h4>\t\t\t\t<\/div>\n\t\t<div class=\"elementor-element elementor-element-52dbde3 e-con-full e-flex e-con e-child\" data-id=\"52dbde3\" data-element_type=\"container\">\n\t\t\t\t<div class=\"elementor-element elementor-element-9fa96bf elementor-align-justify elementor-widget__width-initial elementor-widget elementor-widget-global elementor-global-634 elementor-widget-button\" data-id=\"9fa96bf\" data-element_type=\"widget\" data-widget_type=\"button.default\">\n\t\t\t\t\t\t\t\t\t\t<a class=\"elementor-button elementor-button-link elementor-size-sm\" href=\"https:\/\/www.easynetbooking.com\/o\/ob.php?uhr=u3pamb\" target=\"_blank\">\n\t\t\t\t\t\t<span class=\"elementor-button-content-wrapper\">\n\t\t\t\t\t\t\t\t\t<span class=\"elementor-button-text\">Booking<\/span>\n\t\t\t\t\t<\/span>\n\t\t\t\t\t<\/a>\n\t\t\t\t\t\t\t\t<\/div>\n\t\t\t\t<\/div>\n\t\t\t\t<\/div>\n\t\t\t\t\t<\/div>\n\t\t\t\t<\/div>\n\t\t<div class=\"elementor-element elementor-element-5e2c04ba e-flex e-con-boxed e-con e-parent\" data-id=\"5e2c04ba\" data-element_type=\"container\" data-settings=\"{&quot;shape_divider_bottom_negative&quot;:&quot;yes&quot;,&quot;shape_divider_bottom&quot;:&quot;pyramids&quot;}\">\n\t\t\t\t\t<div class=\"e-con-inner\">\n\t\t\t\t<div class=\"elementor-shape elementor-shape-bottom\" aria-hidden=\"true\" data-negative=\"true\">\n\t\t\t<svg xmlns=\"http:\/\/www.w3.org\/2000\/svg\" viewbox=\"0 0 1000 100\" preserveaspectratio=\"none\">\n\t<path class=\"elementor-shape-fill\" d=\"M761.9,40.6L643.1,24L333.9,93.8L0.1,1H0v99h1000V1\"\/>\n<\/svg>\t\t<\/div>\n\t\t<div class=\"elementor-element elementor-element-d0d0cdd e-con-full e-flex e-con e-child\" data-id=\"d0d0cdd\" data-element_type=\"container\">\n\t\t\t\t<div class=\"elementor-element elementor-element-80ba88a elementor-grid-3 elementor-grid-tablet-2 elementor-grid-mobile-1 elementor-posts--thumbnail-top elementor-card-shadow-yes elementor-posts__hover-gradient elementor-widget elementor-widget-posts\" data-id=\"80ba88a\" data-element_type=\"widget\" data-settings=\"{&quot;cards_masonry&quot;:&quot;yes&quot;,&quot;pagination_type&quot;:&quot;numbers&quot;,&quot;cards_row_gap&quot;:{&quot;unit&quot;:&quot;px&quot;,&quot;size&quot;:20,&quot;sizes&quot;:[]},&quot;cards_columns&quot;:&quot;3&quot;,&quot;cards_columns_tablet&quot;:&quot;2&quot;,&quot;cards_columns_mobile&quot;:&quot;1&quot;,&quot;cards_row_gap_tablet_extra&quot;:{&quot;unit&quot;:&quot;px&quot;,&quot;size&quot;:&quot;&quot;,&quot;sizes&quot;:[]},&quot;cards_row_gap_tablet&quot;:{&quot;unit&quot;:&quot;px&quot;,&quot;size&quot;:&quot;&quot;,&quot;sizes&quot;:[]},&quot;cards_row_gap_mobile&quot;:{&quot;unit&quot;:&quot;px&quot;,&quot;size&quot;:&quot;&quot;,&quot;sizes&quot;:[]}}\" data-widget_type=\"posts.cards\">\n\t\t\t\t<div class=\"elementor-widget-container\">\n\t\t\t\t\t\t\t<div class=\"elementor-posts-container elementor-posts elementor-posts--skin-cards elementor-grid\" role=\"list\">\n\t\t\t\t<article class=\"elementor-post elementor-grid-item post-1130 post type-post status-publish format-standard has-post-thumbnail hentry category-nyheter\" role=\"listitem\">\n\t\t\t<div class=\"elementor-post__card\">\n\t\t\t\t<a class=\"elementor-post__thumbnail__link\" href=\"https:\/\/campmefjord.no\/en\/vi-er-pa-booking-com\/\" tabindex=\"-1\" ><div class=\"elementor-post__thumbnail\"><img fetchpriority=\"high\" decoding=\"async\" width=\"1920\" height=\"1440\" src=\"https:\/\/campmefjord.no\/wp-content\/uploads\/2025\/12\/Messenger_creation_5C703A01-FABA-410F-B81C-5D95A8AA5082.jpg\" class=\"attachment-full size-full wp-image-602\" alt=\"Utsikt fra fjellet og ned p\u00e5 fjorden under solnedgang i Mefjordv\u00e6r p\u00e5 Senja, sett fra Camp 2\" srcset=\"https:\/\/campmefjord.no\/wp-content\/uploads\/2025\/12\/Messenger_creation_5C703A01-FABA-410F-B81C-5D95A8AA5082.jpg 1920w, https:\/\/campmefjord.no\/wp-content\/uploads\/2025\/12\/Messenger_creation_5C703A01-FABA-410F-B81C-5D95A8AA5082-300x225.jpg 300w, https:\/\/campmefjord.no\/wp-content\/uploads\/2025\/12\/Messenger_creation_5C703A01-FABA-410F-B81C-5D95A8AA5082-1024x768.jpg 1024w, https:\/\/campmefjord.no\/wp-content\/uploads\/2025\/12\/Messenger_creation_5C703A01-FABA-410F-B81C-5D95A8AA5082-768x576.jpg 768w, https:\/\/campmefjord.no\/wp-content\/uploads\/2025\/12\/Messenger_creation_5C703A01-FABA-410F-B81C-5D95A8AA5082-1536x1152.jpg 1536w\" sizes=\"(max-width: 1920px) 100vw, 1920px\" \/><\/div><\/a>\n\t\t\t\t<div class=\"elementor-post__badge\">What's new<\/div>\n\t\t\t\t<div class=\"elementor-post__text\">\n\t\t\t\t<h3 class=\"elementor-post__title\">\n\t\t\t<a href=\"https:\/\/campmefjord.no\/en\/vi-er-pa-booking-com\/\" >\n\t\t\t\tWe are on Booking.com\t\t\t<\/a>\n\t\t<\/h3>\n\t\t\t\t<div class=\"elementor-post__excerpt\">\n\t\t\t<p>Camp Mefjord is now on Booking.com, making it easy for you to book your place<\/p>\n\t\t<\/div>\n\t\t\n\t\t<a class=\"elementor-post__read-more\" href=\"https:\/\/campmefjord.no\/en\/vi-er-pa-booking-com\/\" aria-label=\"Read more about Vi er p\u00e5 Booking.com\" tabindex=\"-1\" >\n\t\t\tRead more \u00bb\t\t<\/a>\n\n\t\t\t\t<\/div>\n\t\t\t\t<div class=\"elementor-post__meta-data\">\n\t\t\t\t\t<span class=\"elementor-post-date\">\n\t\t\tDecember 19, 2025\t\t<\/span>\n\t\t\t\t<\/div>\n\t\t\t\t\t<\/div>\n\t\t<\/article>\n\t\t\t\t<article class=\"elementor-post elementor-grid-item post-1127 post type-post status-publish format-standard has-post-thumbnail hentry category-nyheter\" role=\"listitem\">\n\t\t\t<div class=\"elementor-post__card\">\n\t\t\t\t<a class=\"elementor-post__thumbnail__link\" href=\"https:\/\/campmefjord.no\/en\/vi-er-pa-easynetbooking\/\" tabindex=\"-1\" ><div class=\"elementor-post__thumbnail\"><img decoding=\"async\" width=\"1920\" height=\"1440\" src=\"https:\/\/campmefjord.no\/wp-content\/uploads\/2025\/12\/Messenger_creation_EE7F5551-0E1A-4940-B260-BE9A97C09B12.jpg\" class=\"attachment-full size-full wp-image-605\" alt=\"Utsikt mot sj\u00f8 og fjell p\u00e5 campingplassen p\u00e5 Camp 1 i Mefjordv\u00e6r p\u00e5 Senja\" srcset=\"https:\/\/campmefjord.no\/wp-content\/uploads\/2025\/12\/Messenger_creation_EE7F5551-0E1A-4940-B260-BE9A97C09B12.jpg 1920w, https:\/\/campmefjord.no\/wp-content\/uploads\/2025\/12\/Messenger_creation_EE7F5551-0E1A-4940-B260-BE9A97C09B12-300x225.jpg 300w, https:\/\/campmefjord.no\/wp-content\/uploads\/2025\/12\/Messenger_creation_EE7F5551-0E1A-4940-B260-BE9A97C09B12-1024x768.jpg 1024w, https:\/\/campmefjord.no\/wp-content\/uploads\/2025\/12\/Messenger_creation_EE7F5551-0E1A-4940-B260-BE9A97C09B12-768x576.jpg 768w, https:\/\/campmefjord.no\/wp-content\/uploads\/2025\/12\/Messenger_creation_EE7F5551-0E1A-4940-B260-BE9A97C09B12-1536x1152.jpg 1536w\" sizes=\"(max-width: 1920px) 100vw, 1920px\" \/><\/div><\/a>\n\t\t\t\t<div class=\"elementor-post__badge\">What's new<\/div>\n\t\t\t\t<div class=\"elementor-post__text\">\n\t\t\t\t<h3 class=\"elementor-post__title\">\n\t\t\t<a href=\"https:\/\/campmefjord.no\/en\/vi-er-pa-easynetbooking\/\" >\n\t\t\t\tWe are on EasyNetBooking\t\t\t<\/a>\n\t\t<\/h3>\n\t\t\t\t<div class=\"elementor-post__excerpt\">\n\t\t\t<p>Camp Mefjord is now on EasyNetBooking, making it easy for you to book a place<\/p>\n\t\t<\/div>\n\t\t\n\t\t<a class=\"elementor-post__read-more\" href=\"https:\/\/campmefjord.no\/en\/vi-er-pa-easynetbooking\/\" aria-label=\"Read more about Vi er p\u00e5 EasyNetBooking\" tabindex=\"-1\" >\n\t\t\tRead more \u00bb\t\t<\/a>\n\n\t\t\t\t<\/div>\n\t\t\t\t<div class=\"elementor-post__meta-data\">\n\t\t\t\t\t<span class=\"elementor-post-date\">\n\t\t\tDecember 19, 2025\t\t<\/span>\n\t\t\t\t<\/div>\n\t\t\t\t\t<\/div>\n\t\t<\/article>\n\t\t\t\t<article class=\"elementor-post elementor-grid-item post-1125 post type-post status-publish format-standard has-post-thumbnail hentry category-nyheter\" role=\"listitem\">\n\t\t\t<div class=\"elementor-post__card\">\n\t\t\t\t<a class=\"elementor-post__thumbnail__link\" href=\"https:\/\/campmefjord.no\/en\/vi-har-fatt-ny-nettside\/\" tabindex=\"-1\" ><div class=\"elementor-post__thumbnail\"><img decoding=\"async\" width=\"1920\" height=\"1440\" src=\"https:\/\/campmefjord.no\/wp-content\/uploads\/2025\/12\/Messenger_creation_D07F38AB-BC02-4F3C-A55A-8DA3D9E08FFA.jpg\" class=\"attachment-full size-full wp-image-572\" alt=\"Utsikt fra b\u00e5lpanne\/grill p\u00e5 Camp 1 i Mefjordv\u00e6r p\u00e5 Senja\" srcset=\"https:\/\/campmefjord.no\/wp-content\/uploads\/2025\/12\/Messenger_creation_D07F38AB-BC02-4F3C-A55A-8DA3D9E08FFA.jpg 1920w, https:\/\/campmefjord.no\/wp-content\/uploads\/2025\/12\/Messenger_creation_D07F38AB-BC02-4F3C-A55A-8DA3D9E08FFA-300x225.jpg 300w, https:\/\/campmefjord.no\/wp-content\/uploads\/2025\/12\/Messenger_creation_D07F38AB-BC02-4F3C-A55A-8DA3D9E08FFA-1024x768.jpg 1024w, https:\/\/campmefjord.no\/wp-content\/uploads\/2025\/12\/Messenger_creation_D07F38AB-BC02-4F3C-A55A-8DA3D9E08FFA-768x576.jpg 768w, https:\/\/campmefjord.no\/wp-content\/uploads\/2025\/12\/Messenger_creation_D07F38AB-BC02-4F3C-A55A-8DA3D9E08FFA-1536x1152.jpg 1536w\" sizes=\"(max-width: 1920px) 100vw, 1920px\" \/><\/div><\/a>\n\t\t\t\t<div class=\"elementor-post__badge\">What's new<\/div>\n\t\t\t\t<div class=\"elementor-post__text\">\n\t\t\t\t<h3 class=\"elementor-post__title\">\n\t\t\t<a href=\"https:\/\/campmefjord.no\/en\/vi-har-fatt-ny-nettside\/\" >\n\t\t\t\tWe have a new website!\t\t\t<\/a>\n\t\t<\/h3>\n\t\t\t\t<div class=\"elementor-post__excerpt\">\n\t\t\t<p>Camp Mefjord now has a new website, which we are very pleased with!<\/p>\n\t\t<\/div>\n\t\t\n\t\t<a class=\"elementor-post__read-more\" href=\"https:\/\/campmefjord.no\/en\/vi-har-fatt-ny-nettside\/\" aria-label=\"Read more about Vi har f\u00e5tt ny nettside!\" tabindex=\"-1\" >\n\t\t\tRead more \u00bb\t\t<\/a>\n\n\t\t\t\t<\/div>\n\t\t\t\t<div class=\"elementor-post__meta-data\">\n\t\t\t\t\t<span class=\"elementor-post-date\">\n\t\t\tDecember 19, 2025\t\t<\/span>\n\t\t\t\t<\/div>\n\t\t\t\t\t<\/div>\n\t\t<\/article>\n\t\t\t\t<\/div>\n\t\t\n\t\t\t\t\t\t<\/div>\n\t\t\t\t<\/div>\n\t\t\t\t<\/div>\n\t\t\t\t\t<\/div>\n\t\t\t\t<\/div>\n\t\t\t\t<\/div>","protected":false},"excerpt":{"rendered":"<p>Camp Mefjord Booking<\/p>","protected":false},"author":1,"featured_media":0,"parent":0,"menu_order":0,"comment_status":"closed","ping_status":"closed","template":"","meta":{"footnotes":""},"class_list":["post-959","page","type-page","status-publish","hentry"],"yoast_head":"<!-- This site is optimized with the Yoast SEO plugin v26.6 - https:\/\/yoast.com\/wordpress\/plugins\/seo\/ -->\n<title>Nyheter - Camp Mefjord<\/title>\n<meta name=\"robots\" content=\"index, follow, max-snippet:-1, max-image-preview:large, max-video-preview:-1\" \/>\n<link rel=\"canonical\" href=\"https:\/\/campmefjord.no\/en\/nyheter\/\" \/>\n<meta property=\"og:locale\" content=\"en_US\" \/>\n<meta property=\"og:type\" content=\"article\" \/>\n<meta property=\"og:title\" content=\"Nyheter - Camp Mefjord\" \/>\n<meta property=\"og:description\" content=\"Camp Mefjord Booking\" \/>\n<meta property=\"og:url\" content=\"https:\/\/campmefjord.no\/en\/nyheter\/\" \/>\n<meta property=\"og:site_name\" content=\"Camp Mefjord\" \/>\n<meta property=\"article:publisher\" content=\"https:\/\/www.facebook.com\/camp.Mefjord\/\" \/>\n<meta property=\"article:modified_time\" content=\"2025-12-16T09:55:50+00:00\" \/>\n<meta name=\"twitter:card\" content=\"summary_large_image\" \/>\n<meta name=\"twitter:label1\" content=\"Est. reading time\" \/>\n\t<meta name=\"twitter:data1\" content=\"2 minutes\" \/>\n<script type=\"application\/ld+json\" class=\"yoast-schema-graph\">{\"@context\":\"https:\/\/schema.org\",\"@graph\":[{\"@type\":\"WebPage\",\"@id\":\"https:\/\/campmefjord.no\/nyheter\/\",\"url\":\"https:\/\/campmefjord.no\/nyheter\/\",\"name\":\"Nyheter - Camp Mefjord\",\"isPartOf\":{\"@id\":\"https:\/\/campmefjord.no\/#website\"},\"datePublished\":\"2025-12-16T09:36:39+00:00\",\"dateModified\":\"2025-12-16T09:55:50+00:00\",\"breadcrumb\":{\"@id\":\"https:\/\/campmefjord.no\/nyheter\/#breadcrumb\"},\"inLanguage\":\"en-US\",\"potentialAction\":[{\"@type\":\"ReadAction\",\"target\":[\"https:\/\/campmefjord.no\/nyheter\/\"]}]},{\"@type\":\"BreadcrumbList\",\"@id\":\"https:\/\/campmefjord.no\/nyheter\/#breadcrumb\",\"itemListElement\":[{\"@type\":\"ListItem\",\"position\":1,\"name\":\"Hjem\",\"item\":\"https:\/\/campmefjord.no\/\"},{\"@type\":\"ListItem\",\"position\":2,\"name\":\"Nyheter\"}]},{\"@type\":\"WebSite\",\"@id\":\"https:\/\/campmefjord.no\/#website\",\"url\":\"https:\/\/campmefjord.no\/\",\"name\":\"Camp Mefjord\",\"description\":\"Camping ved vannet, mellom fjord og fjell i Senja\",\"publisher\":{\"@id\":\"https:\/\/campmefjord.no\/#organization\"},\"alternateName\":\"Camp Mefjord\",\"potentialAction\":[{\"@type\":\"SearchAction\",\"target\":{\"@type\":\"EntryPoint\",\"urlTemplate\":\"https:\/\/campmefjord.no\/?s={search_term_string}\"},\"query-input\":{\"@type\":\"PropertyValueSpecification\",\"valueRequired\":true,\"valueName\":\"search_term_string\"}}],\"inLanguage\":\"en-US\"},{\"@type\":\"Organization\",\"@id\":\"https:\/\/campmefjord.no\/#organization\",\"name\":\"Camp Mefjord\",\"alternateName\":\"Camp Mefjord\",\"url\":\"https:\/\/campmefjord.no\/\",\"logo\":{\"@type\":\"ImageObject\",\"inLanguage\":\"en-US\",\"@id\":\"https:\/\/campmefjord.no\/#\/schema\/logo\/image\/\",\"url\":\"https:\/\/campmefjord.no\/wp-content\/uploads\/2025\/12\/logo-transparent.png\",\"contentUrl\":\"https:\/\/campmefjord.no\/wp-content\/uploads\/2025\/12\/logo-transparent.png\",\"width\":1007,\"height\":543,\"caption\":\"Camp Mefjord\"},\"image\":{\"@id\":\"https:\/\/campmefjord.no\/#\/schema\/logo\/image\/\"},\"sameAs\":[\"https:\/\/www.facebook.com\/camp.Mefjord\/\",\"https:\/\/www.instagram.com\/campmefjord\/\"]}]}<\/script>\n<!-- \/ Yoast SEO plugin. -->","yoast_head_json":{"title":"Nyheter - Camp Mefjord","robots":{"index":"index","follow":"follow","max-snippet":"max-snippet:-1","max-image-preview":"max-image-preview:large","max-video-preview":"max-video-preview:-1"},"canonical":"https:\/\/campmefjord.no\/en\/nyheter\/","og_locale":"en_US","og_type":"article","og_title":"Nyheter - Camp Mefjord","og_description":"Camp Mefjord Booking","og_url":"https:\/\/campmefjord.no\/en\/nyheter\/","og_site_name":"Camp Mefjord","article_publisher":"https:\/\/www.facebook.com\/camp.Mefjord\/","article_modified_time":"2025-12-16T09:55:50+00:00","twitter_card":"summary_large_image","twitter_misc":{"Est. reading time":"2 minutes"},"schema":{"@context":"https:\/\/schema.org","@graph":[{"@type":"WebPage","@id":"https:\/\/campmefjord.no\/nyheter\/","url":"https:\/\/campmefjord.no\/nyheter\/","name":"Nyheter - Camp Mefjord","isPartOf":{"@id":"https:\/\/campmefjord.no\/#website"},"datePublished":"2025-12-16T09:36:39+00:00","dateModified":"2025-12-16T09:55:50+00:00","breadcrumb":{"@id":"https:\/\/campmefjord.no\/nyheter\/#breadcrumb"},"inLanguage":"en-US","potentialAction":[{"@type":"ReadAction","target":["https:\/\/campmefjord.no\/nyheter\/"]}]},{"@type":"BreadcrumbList","@id":"https:\/\/campmefjord.no\/nyheter\/#breadcrumb","itemListElement":[{"@type":"ListItem","position":1,"name":"Hjem","item":"https:\/\/campmefjord.no\/"},{"@type":"ListItem","position":2,"name":"Nyheter"}]},{"@type":"WebSite","@id":"https:\/\/campmefjord.no\/#website","url":"https:\/\/campmefjord.no\/","name":"Camp Mefjord","description":"Camping by the water, between fjord and mountains in Senja","publisher":{"@id":"https:\/\/campmefjord.no\/#organization"},"alternateName":"Camp Mefjord","potentialAction":[{"@type":"SearchAction","target":{"@type":"EntryPoint","urlTemplate":"https:\/\/campmefjord.no\/?s={search_term_string}"},"query-input":{"@type":"PropertyValueSpecification","valueRequired":true,"valueName":"search_term_string"}}],"inLanguage":"en-US"},{"@type":"Organization","@id":"https:\/\/campmefjord.no\/#organization","name":"Camp Mefjord","alternateName":"Camp Mefjord","url":"https:\/\/campmefjord.no\/","logo":{"@type":"ImageObject","inLanguage":"en-US","@id":"https:\/\/campmefjord.no\/#\/schema\/logo\/image\/","url":"https:\/\/campmefjord.no\/wp-content\/uploads\/2025\/12\/logo-transparent.png","contentUrl":"https:\/\/campmefjord.no\/wp-content\/uploads\/2025\/12\/logo-transparent.png","width":1007,"height":543,"caption":"Camp Mefjord"},"image":{"@id":"https:\/\/campmefjord.no\/#\/schema\/logo\/image\/"},"sameAs":["https:\/\/www.facebook.com\/camp.Mefjord\/","https:\/\/www.instagram.com\/campmefjord\/"]}]}},"_links":{"self":[{"href":"https:\/\/campmefjord.no\/en\/wp-json\/wp\/v2\/pages\/959","targetHints":{"allow":["GET"]}}],"collection":[{"href":"https:\/\/campmefjord.no\/en\/wp-json\/wp\/v2\/pages"}],"about":[{"href":"https:\/\/campmefjord.no\/en\/wp-json\/wp\/v2\/types\/page"}],"author":[{"embeddable":true,"href":"https:\/\/campmefjord.no\/en\/wp-json\/wp\/v2\/users\/1"}],"replies":[{"embeddable":true,"href":"https:\/\/campmefjord.no\/en\/wp-json\/wp\/v2\/comments?post=959"}],"version-history":[{"count":7,"href":"https:\/\/campmefjord.no\/en\/wp-json\/wp\/v2\/pages\/959\/revisions"}],"predecessor-version":[{"id":978,"href":"https:\/\/campmefjord.no\/en\/wp-json\/wp\/v2\/pages\/959\/revisions\/978"}],"wp:attachment":[{"href":"https:\/\/campmefjord.no\/en\/wp-json\/wp\/v2\/media?parent=959"}],"curies":[{"name":"wp","href":"https:\/\/api.w.org\/{rel}","templated":true}]}}